{"id":4220,"date":"2024-09-07T10:46:31","date_gmt":"2024-09-07T09:46:31","guid":{"rendered":"https:\/\/mkjinnercoaching.com\/?page_id=4220"},"modified":"2026-02-28T19:21:47","modified_gmt":"2026-02-28T19:21:47","slug":"online-hypnotherapy-session-faqs","status":"publish","type":"page","link":"https:\/\/mkjinnercoaching.com\/pl\/online-hypnotherapy-session-faqs\/","title":{"rendered":"Online Hypnotherapy Session FAQs"},"content":{"rendered":"<div data-elementor-type=\"wp-page\" data-elementor-id=\"4220\" class=\"elementor elementor-4220\">\n\t\t\t\t\t\t<section class=\"elementor-section elementor-top-section elementor-element elementor-element-4691236 elementor-section-boxed elementor-section-height-default elementor-section-height-default\" data-id=\"4691236\" data-element_type=\"section\">\n\t\t\t\t\t\t<div class=\"elementor-container elementor-column-gap-default\">\n\t\t\t\t\t<div class=\"elementor-column elementor-col-100 elementor-top-column elementor-element elementor-element-c255386\" data-id=\"c255386\" data-element_type=\"column\">\n\t\t\t<div class=\"elementor-widget-wrap elementor-element-populated\">\n\t\t\t\t\t\t<div class=\"elementor-element elementor-element-50c2073 elementor-widget elementor-widget-heading\" data-id=\"50c2073\" data-element_type=\"widget\" data-widget_type=\"heading.default\">\n\t\t\t\t<div class=\"elementor-widget-container\">\n\t\t\t<style>\/*! elementor - v3.20.0 - 20-03-2024 *\/\n.elementor-heading-title{padding:0;margin:0;line-height:1}.elementor-widget-heading .elementor-heading-title[class*=elementor-size-]>a{color:inherit;font-size:inherit;line-height:inherit}.elementor-widget-heading .elementor-heading-title.elementor-size-small{font-size:15px}.elementor-widget-heading .elementor-heading-title.elementor-size-medium{font-size:19px}.elementor-widget-heading .elementor-heading-title.elementor-size-large{font-size:29px}.elementor-widget-heading .elementor-heading-title.elementor-size-xl{font-size:39px}.elementor-widget-heading .elementor-heading-title.elementor-size-xxl{font-size:59px}<\/style><h1 class=\"elementor-heading-title elementor-size-default\">Cz\u0119sto zadawane pytania dotycz\u0105ce sesji hipnoterapii online<\/h1>\t\t<\/div>\n\t\t\t\t<\/div>\n\t\t\t\t\t<\/div>\n\t\t<\/div>\n\t\t\t\t\t<\/div>\n\t\t<\/section>\n\t\t\t\t<section class=\"elementor-section elementor-top-section elementor-element elementor-element-752cedb elementor-section-boxed elementor-section-height-default elementor-section-height-default\" data-id=\"752cedb\" data-element_type=\"section\">\n\t\t\t\t\t\t<div class=\"elementor-container elementor-column-gap-default\">\n\t\t\t\t\t<div class=\"elementor-column elementor-col-100 elementor-top-column elementor-element elementor-element-14dd43b\" data-id=\"14dd43b\" data-element_type=\"column\">\n\t\t\t<div class=\"elementor-widget-wrap elementor-element-populated\">\n\t\t\t\t\t\t<div class=\"elementor-element elementor-element-72a10e8 elementor-widget__width-initial elementor-widget elementor-widget-text-editor\" data-id=\"72a10e8\" data-element_type=\"widget\" data-widget_type=\"text-editor.default\">\n\t\t\t\t<div class=\"elementor-widget-container\">\n\t\t\t<style>\/*! elementor - v3.20.0 - 20-03-2024 *\/\n.elementor-widget-text-editor.elementor-drop-cap-view-stacked .elementor-drop-cap{background-color:#69727d;color:#fff}.elementor-widget-text-editor.elementor-drop-cap-view-framed .elementor-drop-cap{color:#69727d;border:3px solid;background-color:transparent}.elementor-widget-text-editor:not(.elementor-drop-cap-view-default) .elementor-drop-cap{margin-top:8px}.elementor-widget-text-editor:not(.elementor-drop-cap-view-default) .elementor-drop-cap-letter{width:1em;height:1em}.elementor-widget-text-editor .elementor-drop-cap{float:left;text-align:center;line-height:1;font-size:50px}.elementor-widget-text-editor .elementor-drop-cap-letter{display:inline-block}<\/style>\t\t\t\t<h3><strong>1. Czym jest hipnoterapia i jak dzia\u0142a online ?<\/strong><\/h3><p>Hypnotherapy uses guided relaxation to access your subconscious mind. Online, the process is the same, conducted through the video platform\u00a0 Zoom, and can be equally effective.<\/p><h3>2. <strong>Na jakie problemy mo\u017ce pom\u00f3c hipnoterapia?<\/strong><\/h3><p>Hipnoterapia mo\u017ce pom\u00f3c mi\u0119dzy innymi w leczeniu l\u0119ku, stresu, fobii, rzuceniu palenia, utracie wagi i poprawie pewno\u015bci siebie.<\/p><h3>3. <strong>Czy hipnoterapia online jest skuteczna?<\/strong><\/h3><p>Tak, hipnoterapia online mo\u017ce by\u0107 tak samo skuteczna jak sesje stacjonarne, poniewa\u017c skuteczno\u015b\u0107 zale\u017cy od stanu relaksu, a nie fizycznej obecno\u015bci.<\/p><h3>4. <strong>Czego mog\u0119 si\u0119 spodziewa\u0107 podczas sesji hipnoterapii online?<\/strong><\/h3><p>You\u2019ll be guided into a relaxed state, where you remain aware and in control. As a practitioner, I will use techniques to address your specific issues.\u00a0<\/p><h3>5. <strong>Czy hipnoterapia online jest bezpieczna?<\/strong><\/h3><p>Tak, jest bezpiecznie. Je\u015bli po\u0142\u0105czenie internetowe zostanie utracone, po prostu w naturalny spos\u00f3b wyjdziesz ze stanu relaksu. Poprowadz\u0119 Ci\u0119 przez proces zapewniaj\u0105c bezpieczne \u015brodowisko podczas sesji.<\/p><h3>6. <strong>Jak przygotowa\u0107 si\u0119 do sesji hipnoterapii online?<\/strong><\/h3><p>Stw\u00f3rz cich\u0105, wygodn\u0105 przestrze\u0144, w kt\u00f3rej nikt nie b\u0119dzie Ci przeszkadza\u0142. Aby uzyska\u0107 lepsz\u0105 jako\u015b\u0107 d\u017awi\u0119ku, korzystaj ze s\u0142uchawek i zapewnij stabilne po\u0142\u0105czenie internetowe.<\/p><h3>7. <strong>Ile sesji b\u0119d\u0119 potrzebowa\u0107?<\/strong><\/h3><p>The number of sessions\/ packages in my practice. Varies by individual and issue. Some see results in 1-2 session others need 4-8 sessions, while others may need more. Packages are often available for multiple sessions.<\/p><h3>8. <strong>Jak zapewniasz prywatno\u015b\u0107 i poufno\u015b\u0107?<\/strong><\/h3><p>Sessions are conducted through a secure, encrypted Zoom platform, and all personal information is kept confidential according to privacy regulations.<\/p><h3>9. <strong>A co je\u015bli nie wejd\u0119 w hipnoz\u0119?<\/strong><\/h3><p>Jest to rzadkie, ale je\u015bli nie osi\u0105gniesz po\u017c\u0105danego stanu hipnotycznego,  dostosuje techniki. Ka\u017cdy mo\u017ce wej\u015b\u0107 w hipnoz\u0119, maj\u0105c odpowiednie wskaz\u00f3wki.<\/p><h3>10. <strong>Jak wygl\u0105da p\u0142atno\u015b\u0107 za sesje online?<\/strong><\/h3><p>P\u0142atno\u015bci s\u0105 zazwyczaj dokonywane online za pomoc\u0105 kart kredytowych.<\/p>\t\t\t\t\t\t<\/div>\n\t\t\t\t<\/div>\n\t\t\t\t\t<\/div>\n\t\t<\/div>\n\t\t\t\t\t<\/div>\n\t\t<\/section>\n\t\t\t\t<\/div>","protected":false},"excerpt":{"rendered":"<p>Online Hypnotherapy Sessions FAQs 1. What is hypnotherapy, and how does it work online? Hypnotherapy uses guided relaxation to access your subconscious mind. Online, the process is the same, conducted through the video platform\u00a0 Zoom, and can be equally effective. 2. What issues can hypnotherapy help with? Hypnotherapy can help with anxiety, stress, phobias, smoking [&hellip;]<\/p>","protected":false},"author":1,"featured_media":0,"parent":0,"menu_order":0,"comment_status":"closed","ping_status":"closed","template":"","meta":{"footnotes":""},"class_list":["post-4220","page","type-page","status-publish","hentry"],"blocksy_meta":[],"yoast_head":"<!-- This site is optimized with the Yoast SEO plugin v22.3 - https:\/\/yoast.com\/wordpress\/plugins\/seo\/ -->\n<title>Online Hypnotherapy Session FAQs - Transformational Life Coaching &amp; Therapy<\/title>\n<meta name=\"description\" content=\"Online Hypnotherapy Session FAQs\" \/>\n<meta name=\"robots\" content=\"index, follow, max-snippet:-1, max-image-preview:large, max-video-preview:-1\" \/>\n<link rel=\"canonical\" href=\"https:\/\/mkjinnercoaching.com\/pl\/online-hypnotherapy-session-faqs\/\" \/>\n<meta property=\"og:locale\" content=\"pl_PL\" \/>\n<meta property=\"og:type\" content=\"article\" \/>\n<meta property=\"og:title\" content=\"Online Hypnotherapy Session FAQs - Transformational Life Coaching &amp; Therapy\" \/>\n<meta property=\"og:description\" content=\"Online Hypnotherapy Session FAQs\" \/>\n<meta property=\"og:url\" content=\"https:\/\/mkjinnercoaching.com\/pl\/online-hypnotherapy-session-faqs\/\" \/>\n<meta property=\"og:site_name\" content=\"Transformational Life Coaching &amp; Therapy\" \/>\n<meta property=\"article:modified_time\" content=\"2026-02-28T19:21:47+00:00\" \/>\n<meta name=\"twitter:card\" content=\"summary_large_image\" \/>\n<meta name=\"twitter:label1\" content=\"Szacowany czas czytania\" \/>\n\t<meta name=\"twitter:data1\" content=\"2 minuty\" \/>\n<script type=\"application\/ld+json\" class=\"yoast-schema-graph\">{\"@context\":\"https:\/\/schema.org\",\"@graph\":[{\"@type\":\"WebPage\",\"@id\":\"https:\/\/mkjinnercoaching.com\/online-hypnotherapy-session-faqs\/\",\"url\":\"https:\/\/mkjinnercoaching.com\/online-hypnotherapy-session-faqs\/\",\"name\":\"Online Hypnotherapy Session FAQs - Transformational Life Coaching &amp; Therapy\",\"isPartOf\":{\"@id\":\"https:\/\/mkjinnercoaching.com\/#website\"},\"datePublished\":\"2024-09-07T09:46:31+00:00\",\"dateModified\":\"2026-02-28T19:21:47+00:00\",\"description\":\"Online Hypnotherapy Session FAQs\",\"breadcrumb\":{\"@id\":\"https:\/\/mkjinnercoaching.com\/online-hypnotherapy-session-faqs\/#breadcrumb\"},\"inLanguage\":\"pl-PL\",\"potentialAction\":[{\"@type\":\"ReadAction\",\"target\":[\"https:\/\/mkjinnercoaching.com\/online-hypnotherapy-session-faqs\/\"]}]},{\"@type\":\"BreadcrumbList\",\"@id\":\"https:\/\/mkjinnercoaching.com\/online-hypnotherapy-session-faqs\/#breadcrumb\",\"itemListElement\":[{\"@type\":\"ListItem\",\"position\":1,\"name\":\"Home\",\"item\":\"https:\/\/mkjinnercoaching.com\/\"},{\"@type\":\"ListItem\",\"position\":2,\"name\":\"Online Hypnotherapy Session FAQs\"}]},{\"@type\":\"WebSite\",\"@id\":\"https:\/\/mkjinnercoaching.com\/#website\",\"url\":\"https:\/\/mkjinnercoaching.com\/\",\"name\":\"Transformational Life Coaching &amp; Therapy\",\"description\":\"Life coach | Energy Healer | Hypnotherapist | Coaching courses\",\"publisher\":{\"@id\":\"https:\/\/mkjinnercoaching.com\/#organization\"},\"potentialAction\":[{\"@type\":\"SearchAction\",\"target\":{\"@type\":\"EntryPoint\",\"urlTemplate\":\"https:\/\/mkjinnercoaching.com\/?s={search_term_string}\"},\"query-input\":\"required name=search_term_string\"}],\"inLanguage\":\"pl-PL\"},{\"@type\":\"Organization\",\"@id\":\"https:\/\/mkjinnercoaching.com\/#organization\",\"name\":\"Transformational Life Coaching &amp; Therapy\",\"url\":\"https:\/\/mkjinnercoaching.com\/\",\"logo\":{\"@type\":\"ImageObject\",\"inLanguage\":\"pl-PL\",\"@id\":\"https:\/\/mkjinnercoaching.com\/#\/schema\/logo\/image\/\",\"url\":\"https:\/\/mkjinnercoaching.com\/wp-content\/uploads\/2022\/08\/1-1.png\",\"contentUrl\":\"https:\/\/mkjinnercoaching.com\/wp-content\/uploads\/2022\/08\/1-1.png\",\"width\":460,\"height\":90,\"caption\":\"Transformational Life Coaching &amp; Therapy\"},\"image\":{\"@id\":\"https:\/\/mkjinnercoaching.com\/#\/schema\/logo\/image\/\"}}]}<\/script>\n<!-- \/ Yoast SEO plugin. -->","yoast_head_json":{"title":"Online Hypnotherapy Session FAQs - Transformational Life Coaching &amp; Therapy","description":"Online Hypnotherapy Session FAQs","robots":{"index":"index","follow":"follow","max-snippet":"max-snippet:-1","max-image-preview":"max-image-preview:large","max-video-preview":"max-video-preview:-1"},"canonical":"https:\/\/mkjinnercoaching.com\/pl\/online-hypnotherapy-session-faqs\/","og_locale":"pl_PL","og_type":"article","og_title":"Online Hypnotherapy Session FAQs - Transformational Life Coaching &amp; Therapy","og_description":"Online Hypnotherapy Session FAQs","og_url":"https:\/\/mkjinnercoaching.com\/pl\/online-hypnotherapy-session-faqs\/","og_site_name":"Transformational Life Coaching &amp; Therapy","article_modified_time":"2026-02-28T19:21:47+00:00","twitter_card":"summary_large_image","twitter_misc":{"Szacowany czas czytania":"2 minuty"},"schema":{"@context":"https:\/\/schema.org","@graph":[{"@type":"WebPage","@id":"https:\/\/mkjinnercoaching.com\/online-hypnotherapy-session-faqs\/","url":"https:\/\/mkjinnercoaching.com\/online-hypnotherapy-session-faqs\/","name":"Online Hypnotherapy Session FAQs - Transformational Life Coaching &amp; Therapy","isPartOf":{"@id":"https:\/\/mkjinnercoaching.com\/#website"},"datePublished":"2024-09-07T09:46:31+00:00","dateModified":"2026-02-28T19:21:47+00:00","description":"Online Hypnotherapy Session FAQs","breadcrumb":{"@id":"https:\/\/mkjinnercoaching.com\/online-hypnotherapy-session-faqs\/#breadcrumb"},"inLanguage":"pl-PL","potentialAction":[{"@type":"ReadAction","target":["https:\/\/mkjinnercoaching.com\/online-hypnotherapy-session-faqs\/"]}]},{"@type":"BreadcrumbList","@id":"https:\/\/mkjinnercoaching.com\/online-hypnotherapy-session-faqs\/#breadcrumb","itemListElement":[{"@type":"ListItem","position":1,"name":"Home","item":"https:\/\/mkjinnercoaching.com\/"},{"@type":"ListItem","position":2,"name":"Online Hypnotherapy Session FAQs"}]},{"@type":"WebSite","@id":"https:\/\/mkjinnercoaching.com\/#website","url":"https:\/\/mkjinnercoaching.com\/","name":"Transformational Life Coaching &amp; Therapy","description":"Life coach | Energy Healer | Hypnotherapist | Coaching courses","publisher":{"@id":"https:\/\/mkjinnercoaching.com\/#organization"},"potentialAction":[{"@type":"SearchAction","target":{"@type":"EntryPoint","urlTemplate":"https:\/\/mkjinnercoaching.com\/?s={search_term_string}"},"query-input":"required name=search_term_string"}],"inLanguage":"pl-PL"},{"@type":"Organization","@id":"https:\/\/mkjinnercoaching.com\/#organization","name":"Transformational Life Coaching &amp; Therapy","url":"https:\/\/mkjinnercoaching.com\/","logo":{"@type":"ImageObject","inLanguage":"pl-PL","@id":"https:\/\/mkjinnercoaching.com\/#\/schema\/logo\/image\/","url":"https:\/\/mkjinnercoaching.com\/wp-content\/uploads\/2022\/08\/1-1.png","contentUrl":"https:\/\/mkjinnercoaching.com\/wp-content\/uploads\/2022\/08\/1-1.png","width":460,"height":90,"caption":"Transformational Life Coaching &amp; Therapy"},"image":{"@id":"https:\/\/mkjinnercoaching.com\/#\/schema\/logo\/image\/"}}]}},"_links":{"self":[{"href":"https:\/\/mkjinnercoaching.com\/pl\/wp-json\/wp\/v2\/pages\/4220","targetHints":{"allow":["GET"]}}],"collection":[{"href":"https:\/\/mkjinnercoaching.com\/pl\/wp-json\/wp\/v2\/pages"}],"about":[{"href":"https:\/\/mkjinnercoaching.com\/pl\/wp-json\/wp\/v2\/types\/page"}],"author":[{"embeddable":true,"href":"https:\/\/mkjinnercoaching.com\/pl\/wp-json\/wp\/v2\/users\/1"}],"replies":[{"embeddable":true,"href":"https:\/\/mkjinnercoaching.com\/pl\/wp-json\/wp\/v2\/comments?post=4220"}],"version-history":[{"count":46,"href":"https:\/\/mkjinnercoaching.com\/pl\/wp-json\/wp\/v2\/pages\/4220\/revisions"}],"predecessor-version":[{"id":8459,"href":"https:\/\/mkjinnercoaching.com\/pl\/wp-json\/wp\/v2\/pages\/4220\/revisions\/8459"}],"wp:attachment":[{"href":"https:\/\/mkjinnercoaching.com\/pl\/wp-json\/wp\/v2\/media?parent=4220"}],"curies":[{"name":"wp","href":"https:\/\/api.w.org\/{rel}","templated":true}]}}