{"id":4203,"date":"2024-09-07T08:43:35","date_gmt":"2024-09-07T07:43:35","guid":{"rendered":"https:\/\/mkjinnercoaching.com\/?page_id=4203"},"modified":"2026-02-28T19:19:10","modified_gmt":"2026-02-28T19:19:10","slug":"online-reiki-session-faqs","status":"publish","type":"page","link":"https:\/\/mkjinnercoaching.com\/pl\/online-reiki-session-faqs\/","title":{"rendered":"Cz\u0119sto zadawane pytania dotycz\u0105ce sesji Reiki online"},"content":{"rendered":"<div data-elementor-type=\"wp-page\" data-elementor-id=\"4203\" class=\"elementor elementor-4203\">\n\t\t\t\t\t\t<section class=\"elementor-section elementor-top-section elementor-element elementor-element-4691236 elementor-section-boxed elementor-section-height-default elementor-section-height-default\" data-id=\"4691236\" data-element_type=\"section\">\n\t\t\t\t\t\t<div class=\"elementor-container elementor-column-gap-default\">\n\t\t\t\t\t<div class=\"elementor-column elementor-col-100 elementor-top-column elementor-element elementor-element-c255386\" data-id=\"c255386\" data-element_type=\"column\">\n\t\t\t<div class=\"elementor-widget-wrap elementor-element-populated\">\n\t\t\t\t\t\t<div class=\"elementor-element elementor-element-50c2073 elementor-widget elementor-widget-heading\" data-id=\"50c2073\" data-element_type=\"widget\" data-widget_type=\"heading.default\">\n\t\t\t\t<div class=\"elementor-widget-container\">\n\t\t\t<style>\/*! elementor - v3.20.0 - 20-03-2024 *\/\n.elementor-heading-title{padding:0;margin:0;line-height:1}.elementor-widget-heading .elementor-heading-title[class*=elementor-size-]>a{color:inherit;font-size:inherit;line-height:inherit}.elementor-widget-heading .elementor-heading-title.elementor-size-small{font-size:15px}.elementor-widget-heading .elementor-heading-title.elementor-size-medium{font-size:19px}.elementor-widget-heading .elementor-heading-title.elementor-size-large{font-size:29px}.elementor-widget-heading .elementor-heading-title.elementor-size-xl{font-size:39px}.elementor-widget-heading .elementor-heading-title.elementor-size-xxl{font-size:59px}<\/style><h1 class=\"elementor-heading-title elementor-size-default\">Cz\u0119sto zadawane pytania dotycz\u0105ce sesji Reiki online<\/h1>\t\t<\/div>\n\t\t\t\t<\/div>\n\t\t\t\t\t<\/div>\n\t\t<\/div>\n\t\t\t\t\t<\/div>\n\t\t<\/section>\n\t\t\t\t<section class=\"elementor-section elementor-top-section elementor-element elementor-element-752cedb elementor-section-boxed elementor-section-height-default elementor-section-height-default\" data-id=\"752cedb\" data-element_type=\"section\">\n\t\t\t\t\t\t<div class=\"elementor-container elementor-column-gap-default\">\n\t\t\t\t\t<div class=\"elementor-column elementor-col-100 elementor-top-column elementor-element elementor-element-14dd43b\" data-id=\"14dd43b\" data-element_type=\"column\">\n\t\t\t<div class=\"elementor-widget-wrap elementor-element-populated\">\n\t\t\t\t\t\t<div class=\"elementor-element elementor-element-72a10e8 elementor-widget__width-initial elementor-widget elementor-widget-text-editor\" data-id=\"72a10e8\" data-element_type=\"widget\" data-widget_type=\"text-editor.default\">\n\t\t\t\t<div class=\"elementor-widget-container\">\n\t\t\t<style>\/*! elementor - v3.20.0 - 20-03-2024 *\/\n.elementor-widget-text-editor.elementor-drop-cap-view-stacked .elementor-drop-cap{background-color:#69727d;color:#fff}.elementor-widget-text-editor.elementor-drop-cap-view-framed .elementor-drop-cap{color:#69727d;border:3px solid;background-color:transparent}.elementor-widget-text-editor:not(.elementor-drop-cap-view-default) .elementor-drop-cap{margin-top:8px}.elementor-widget-text-editor:not(.elementor-drop-cap-view-default) .elementor-drop-cap-letter{width:1em;height:1em}.elementor-widget-text-editor .elementor-drop-cap{float:left;text-align:center;line-height:1;font-size:50px}.elementor-widget-text-editor .elementor-drop-cap-letter{display:inline-block}<\/style>\t\t\t\t<h3>\u00a0<\/h3><h3><strong>1. Czym jest Reiki i jak dzia\u0142a online ?<\/strong><\/h3><p>Reiki to technika uzdrawiania energi\u0105, kt\u00f3r\u0105 mo\u017cna wykona\u0107 na odleg\u0142o\u015b\u0107. Reiki na odleg\u0142o\u015b\u0107 wykorzystuje intencj\u0119 i transfer energii, umo\u017cliwiaj\u0105c praktykowi wysy\u0142anie uzdrawiaj\u0105cej energii do klienta bez fizycznej obecno\u015bci.<\/p><h3>2. <strong>Czego mog\u0119 si\u0119 spodziewa\u0107 podczas sesji Reiki online?<\/strong><\/h3><p>You\u2019ll likely be asked to relax in a quiet space while I, as a practitioner channels energy remotely. You may feel sensations like warmth, tingling, or deep relaxation, but each experience is unique. Sessions typically last 30 or 60 minutes.<\/p><h3>3. <strong>Jak przygotowa\u0107 si\u0119 do sesji Reiki na odleg\u0142o\u015b\u0107?<\/strong><\/h3><p>Znajd\u017a ciche, wygodne miejsce, w kt\u00f3rym nikt nie b\u0119dzie Ci przeszkadza\u0142. Zadbaj o wygodne ubranie i miej w pobli\u017cu wod\u0119. Pomocne jest gdy  zachowasz otwarty umys\u0142 i zrelaksujesz si\u0119 podczas sesji.<\/p><h3>4. <strong>Czy Reiki na odleg\u0142o\u015b\u0107 jest tak samo skuteczne jak sesje osobiste?<\/strong><\/h3><p>Tak, Reiki na odleg\u0142o\u015b\u0107 jest uwa\u017cane za r\u00f3wnie skuteczne, poniewa\u017c energia nie jest ograniczona czasem ani przestrzeni\u0105. Wiele os\u00f3b zg\u0142asza podobne efekty lecznicze podczas sesji online.<\/p><h3>5. <strong>Jak wygl\u0105da p\u0142atno\u015b\u0107 za sesje online?<\/strong><\/h3><p>P\u0142atno\u015b\u0107 odbywa si\u0119 zazwyczaj za pomoc\u0105 karty kredytowej.  Polecam wybra\u0107 pakiet 6 sesji. To najlepsza opcja.<\/p><h3>6. <strong>Czy s\u0105 jakie\u015b skutki uboczne lub \u015brodki ostro\u017cno\u015bci?<\/strong><\/h3><p>Reiki jest og\u00f3lnie bezpieczne dla ka\u017cdego. Nie s\u0105 znane \u017cadne skutki uboczne, ale je\u015bli cierpisz na powa\u017cn\u0105 chorob\u0119, dobrze jest wcze\u015bniej poinformowa\u0107 mnie o tym.<\/p><h3>7. <strong>Co mam zrobi\u0107 po sesji?<\/strong><\/h3><p>Pij wod\u0119, odpoczywaj i zwracaj uwag\u0119 na swoje samopoczucie. Pomocne mo\u017ce by\u0107 zapisanie wszelkich spostrze\u017ce\u0144 i uczu\u0107, jakie si\u0119 pojawi\u0105. Reiki mo\u017ce kontynuowa\u0107 prac\u0119 po sesji.<\/p><h3>8. <strong>Jak zarezerwowa\u0107 u Ciebie sesj\u0119 Reiki online?<\/strong><\/h3><p>Sesje rezerwuje si\u0119 zazwyczaj poprzez link na mojej stronie internetowej lub bezpo\u015brednio kontaktuj\u0105c si\u0119 ze mn\u0105. Sesja odb\u0119dzie si\u0119 za po\u015brednictwem platformy Zoom.<\/p>\t\t\t\t\t\t<\/div>\n\t\t\t\t<\/div>\n\t\t\t\t\t<\/div>\n\t\t<\/div>\n\t\t\t\t\t<\/div>\n\t\t<\/section>\n\t\t\t\t<\/div>","protected":false},"excerpt":{"rendered":"<p>Online Reiki Session FAQs \u00a0 1. What is Reiki, and how does it work online? Reiki is an energy healing technique that can be done remotely. Distance Reiki uses intention and energy transfer, allowing the practitioner to send healing energy to the client without physical presence. 2. What can I expect during an online Reiki [&hellip;]<\/p>","protected":false},"author":1,"featured_media":3192,"parent":0,"menu_order":0,"comment_status":"closed","ping_status":"closed","template":"","meta":{"footnotes":""},"class_list":["post-4203","page","type-page","status-publish","has-post-thumbnail","hentry"],"blocksy_meta":[],"yoast_head":"<!-- This site is optimized with the Yoast SEO plugin v22.3 - https:\/\/yoast.com\/wordpress\/plugins\/seo\/ -->\n<title>Online Reiki Session FAQs - Transformational Life Coaching &amp; Therapy<\/title>\n<meta name=\"description\" content=\"Online Reiki Session FAQs\" \/>\n<meta name=\"robots\" content=\"index, follow, max-snippet:-1, max-image-preview:large, max-video-preview:-1\" \/>\n<link rel=\"canonical\" href=\"https:\/\/mkjinnercoaching.com\/pl\/online-reiki-session-faqs\/\" \/>\n<meta property=\"og:locale\" content=\"pl_PL\" \/>\n<meta property=\"og:type\" content=\"article\" \/>\n<meta property=\"og:title\" content=\"Online Reiki Session FAQs - Transformational Life Coaching &amp; Therapy\" \/>\n<meta property=\"og:description\" content=\"Online Reiki Session FAQs\" \/>\n<meta property=\"og:url\" content=\"https:\/\/mkjinnercoaching.com\/pl\/online-reiki-session-faqs\/\" \/>\n<meta property=\"og:site_name\" content=\"Transformational Life Coaching &amp; Therapy\" \/>\n<meta property=\"article:modified_time\" content=\"2026-02-28T19:19:10+00:00\" \/>\n<meta property=\"og:image\" content=\"https:\/\/mkjinnercoaching.com\/wp-content\/uploads\/2024\/08\/Kopia-\u2013-Kopia-\u2013-Kopia-\u2013-FREE-EVENT-REIKI-ENERGY-HEALING-2.png\" \/>\n\t<meta property=\"og:image:width\" content=\"1280\" \/>\n\t<meta property=\"og:image:height\" content=\"720\" \/>\n\t<meta property=\"og:image:type\" content=\"image\/png\" \/>\n<meta name=\"twitter:card\" content=\"summary_large_image\" \/>\n<meta name=\"twitter:label1\" content=\"Szacowany czas czytania\" \/>\n\t<meta name=\"twitter:data1\" content=\"2 minuty\" \/>\n<script type=\"application\/ld+json\" class=\"yoast-schema-graph\">{\"@context\":\"https:\/\/schema.org\",\"@graph\":[{\"@type\":\"WebPage\",\"@id\":\"https:\/\/mkjinnercoaching.com\/online-reiki-session-faqs\/\",\"url\":\"https:\/\/mkjinnercoaching.com\/online-reiki-session-faqs\/\",\"name\":\"Online Reiki Session FAQs - Transformational Life Coaching &amp; Therapy\",\"isPartOf\":{\"@id\":\"https:\/\/mkjinnercoaching.com\/#website\"},\"primaryImageOfPage\":{\"@id\":\"https:\/\/mkjinnercoaching.com\/online-reiki-session-faqs\/#primaryimage\"},\"image\":{\"@id\":\"https:\/\/mkjinnercoaching.com\/online-reiki-session-faqs\/#primaryimage\"},\"thumbnailUrl\":\"https:\/\/mkjinnercoaching.com\/wp-content\/uploads\/2024\/08\/Kopia-\u2013-Kopia-\u2013-Kopia-\u2013-FREE-EVENT-REIKI-ENERGY-HEALING-2.png\",\"datePublished\":\"2024-09-07T07:43:35+00:00\",\"dateModified\":\"2026-02-28T19:19:10+00:00\",\"description\":\"Online Reiki Session FAQs\",\"breadcrumb\":{\"@id\":\"https:\/\/mkjinnercoaching.com\/online-reiki-session-faqs\/#breadcrumb\"},\"inLanguage\":\"pl-PL\",\"potentialAction\":[{\"@type\":\"ReadAction\",\"target\":[\"https:\/\/mkjinnercoaching.com\/online-reiki-session-faqs\/\"]}]},{\"@type\":\"ImageObject\",\"inLanguage\":\"pl-PL\",\"@id\":\"https:\/\/mkjinnercoaching.com\/online-reiki-session-faqs\/#primaryimage\",\"url\":\"https:\/\/mkjinnercoaching.com\/wp-content\/uploads\/2024\/08\/Kopia-\u2013-Kopia-\u2013-Kopia-\u2013-FREE-EVENT-REIKI-ENERGY-HEALING-2.png\",\"contentUrl\":\"https:\/\/mkjinnercoaching.com\/wp-content\/uploads\/2024\/08\/Kopia-\u2013-Kopia-\u2013-Kopia-\u2013-FREE-EVENT-REIKI-ENERGY-HEALING-2.png\",\"width\":1280,\"height\":720},{\"@type\":\"BreadcrumbList\",\"@id\":\"https:\/\/mkjinnercoaching.com\/online-reiki-session-faqs\/#breadcrumb\",\"itemListElement\":[{\"@type\":\"ListItem\",\"position\":1,\"name\":\"Home\",\"item\":\"https:\/\/mkjinnercoaching.com\/\"},{\"@type\":\"ListItem\",\"position\":2,\"name\":\"Online Reiki Session FAQs\"}]},{\"@type\":\"WebSite\",\"@id\":\"https:\/\/mkjinnercoaching.com\/#website\",\"url\":\"https:\/\/mkjinnercoaching.com\/\",\"name\":\"Transformational Life Coaching &amp; Therapy\",\"description\":\"Life coach | Energy Healer | Hypnotherapist | Coaching courses\",\"publisher\":{\"@id\":\"https:\/\/mkjinnercoaching.com\/#organization\"},\"potentialAction\":[{\"@type\":\"SearchAction\",\"target\":{\"@type\":\"EntryPoint\",\"urlTemplate\":\"https:\/\/mkjinnercoaching.com\/?s={search_term_string}\"},\"query-input\":\"required name=search_term_string\"}],\"inLanguage\":\"pl-PL\"},{\"@type\":\"Organization\",\"@id\":\"https:\/\/mkjinnercoaching.com\/#organization\",\"name\":\"Transformational Life Coaching &amp; Therapy\",\"url\":\"https:\/\/mkjinnercoaching.com\/\",\"logo\":{\"@type\":\"ImageObject\",\"inLanguage\":\"pl-PL\",\"@id\":\"https:\/\/mkjinnercoaching.com\/#\/schema\/logo\/image\/\",\"url\":\"https:\/\/mkjinnercoaching.com\/wp-content\/uploads\/2022\/08\/1-1.png\",\"contentUrl\":\"https:\/\/mkjinnercoaching.com\/wp-content\/uploads\/2022\/08\/1-1.png\",\"width\":460,\"height\":90,\"caption\":\"Transformational Life Coaching &amp; Therapy\"},\"image\":{\"@id\":\"https:\/\/mkjinnercoaching.com\/#\/schema\/logo\/image\/\"}}]}<\/script>\n<!-- \/ Yoast SEO plugin. -->","yoast_head_json":{"title":"Online Reiki Session FAQs - Transformational Life Coaching &amp; Therapy","description":"Online Reiki Session FAQs","robots":{"index":"index","follow":"follow","max-snippet":"max-snippet:-1","max-image-preview":"max-image-preview:large","max-video-preview":"max-video-preview:-1"},"canonical":"https:\/\/mkjinnercoaching.com\/pl\/online-reiki-session-faqs\/","og_locale":"pl_PL","og_type":"article","og_title":"Online Reiki Session FAQs - Transformational Life Coaching &amp; Therapy","og_description":"Online Reiki Session FAQs","og_url":"https:\/\/mkjinnercoaching.com\/pl\/online-reiki-session-faqs\/","og_site_name":"Transformational Life Coaching &amp; Therapy","article_modified_time":"2026-02-28T19:19:10+00:00","og_image":[{"width":1280,"height":720,"url":"https:\/\/mkjinnercoaching.com\/wp-content\/uploads\/2024\/08\/Kopia-\u2013-Kopia-\u2013-Kopia-\u2013-FREE-EVENT-REIKI-ENERGY-HEALING-2.png","type":"image\/png"}],"twitter_card":"summary_large_image","twitter_misc":{"Szacowany czas czytania":"2 minuty"},"schema":{"@context":"https:\/\/schema.org","@graph":[{"@type":"WebPage","@id":"https:\/\/mkjinnercoaching.com\/online-reiki-session-faqs\/","url":"https:\/\/mkjinnercoaching.com\/online-reiki-session-faqs\/","name":"Online Reiki Session FAQs - Transformational Life Coaching &amp; Therapy","isPartOf":{"@id":"https:\/\/mkjinnercoaching.com\/#website"},"primaryImageOfPage":{"@id":"https:\/\/mkjinnercoaching.com\/online-reiki-session-faqs\/#primaryimage"},"image":{"@id":"https:\/\/mkjinnercoaching.com\/online-reiki-session-faqs\/#primaryimage"},"thumbnailUrl":"https:\/\/mkjinnercoaching.com\/wp-content\/uploads\/2024\/08\/Kopia-\u2013-Kopia-\u2013-Kopia-\u2013-FREE-EVENT-REIKI-ENERGY-HEALING-2.png","datePublished":"2024-09-07T07:43:35+00:00","dateModified":"2026-02-28T19:19:10+00:00","description":"Online Reiki Session FAQs","breadcrumb":{"@id":"https:\/\/mkjinnercoaching.com\/online-reiki-session-faqs\/#breadcrumb"},"inLanguage":"pl-PL","potentialAction":[{"@type":"ReadAction","target":["https:\/\/mkjinnercoaching.com\/online-reiki-session-faqs\/"]}]},{"@type":"ImageObject","inLanguage":"pl-PL","@id":"https:\/\/mkjinnercoaching.com\/online-reiki-session-faqs\/#primaryimage","url":"https:\/\/mkjinnercoaching.com\/wp-content\/uploads\/2024\/08\/Kopia-\u2013-Kopia-\u2013-Kopia-\u2013-FREE-EVENT-REIKI-ENERGY-HEALING-2.png","contentUrl":"https:\/\/mkjinnercoaching.com\/wp-content\/uploads\/2024\/08\/Kopia-\u2013-Kopia-\u2013-Kopia-\u2013-FREE-EVENT-REIKI-ENERGY-HEALING-2.png","width":1280,"height":720},{"@type":"BreadcrumbList","@id":"https:\/\/mkjinnercoaching.com\/online-reiki-session-faqs\/#breadcrumb","itemListElement":[{"@type":"ListItem","position":1,"name":"Home","item":"https:\/\/mkjinnercoaching.com\/"},{"@type":"ListItem","position":2,"name":"Online Reiki Session FAQs"}]},{"@type":"WebSite","@id":"https:\/\/mkjinnercoaching.com\/#website","url":"https:\/\/mkjinnercoaching.com\/","name":"Transformational Life Coaching &amp; Therapy","description":"Life coach | Energy Healer | Hypnotherapist | Coaching courses","publisher":{"@id":"https:\/\/mkjinnercoaching.com\/#organization"},"potentialAction":[{"@type":"SearchAction","target":{"@type":"EntryPoint","urlTemplate":"https:\/\/mkjinnercoaching.com\/?s={search_term_string}"},"query-input":"required name=search_term_string"}],"inLanguage":"pl-PL"},{"@type":"Organization","@id":"https:\/\/mkjinnercoaching.com\/#organization","name":"Transformational Life Coaching &amp; Therapy","url":"https:\/\/mkjinnercoaching.com\/","logo":{"@type":"ImageObject","inLanguage":"pl-PL","@id":"https:\/\/mkjinnercoaching.com\/#\/schema\/logo\/image\/","url":"https:\/\/mkjinnercoaching.com\/wp-content\/uploads\/2022\/08\/1-1.png","contentUrl":"https:\/\/mkjinnercoaching.com\/wp-content\/uploads\/2022\/08\/1-1.png","width":460,"height":90,"caption":"Transformational Life Coaching &amp; Therapy"},"image":{"@id":"https:\/\/mkjinnercoaching.com\/#\/schema\/logo\/image\/"}}]}},"_links":{"self":[{"href":"https:\/\/mkjinnercoaching.com\/pl\/wp-json\/wp\/v2\/pages\/4203","targetHints":{"allow":["GET"]}}],"collection":[{"href":"https:\/\/mkjinnercoaching.com\/pl\/wp-json\/wp\/v2\/pages"}],"about":[{"href":"https:\/\/mkjinnercoaching.com\/pl\/wp-json\/wp\/v2\/types\/page"}],"author":[{"embeddable":true,"href":"https:\/\/mkjinnercoaching.com\/pl\/wp-json\/wp\/v2\/users\/1"}],"replies":[{"embeddable":true,"href":"https:\/\/mkjinnercoaching.com\/pl\/wp-json\/wp\/v2\/comments?post=4203"}],"version-history":[{"count":19,"href":"https:\/\/mkjinnercoaching.com\/pl\/wp-json\/wp\/v2\/pages\/4203\/revisions"}],"predecessor-version":[{"id":8453,"href":"https:\/\/mkjinnercoaching.com\/pl\/wp-json\/wp\/v2\/pages\/4203\/revisions\/8453"}],"wp:featuredmedia":[{"embeddable":true,"href":"https:\/\/mkjinnercoaching.com\/pl\/wp-json\/wp\/v2\/media\/3192"}],"wp:attachment":[{"href":"https:\/\/mkjinnercoaching.com\/pl\/wp-json\/wp\/v2\/media?parent=4203"}],"curies":[{"name":"wp","href":"https:\/\/api.w.org\/{rel}","templated":true}]}}