{"id":2795,"date":"2024-04-20T11:44:07","date_gmt":"2024-04-20T10:44:07","guid":{"rendered":"https:\/\/mkjinnercoaching.com\/?page_id=2795"},"modified":"2024-07-27T22:07:42","modified_gmt":"2024-07-27T21:07:42","slug":"regulations-for-the-sale-of-e-books","status":"publish","type":"page","link":"https:\/\/mkjinnercoaching.com\/pl\/regulations-for-the-sale-of-e-books\/","title":{"rendered":"Regulations for the sale of e-books"},"content":{"rendered":"<div data-elementor-type=\"wp-page\" data-elementor-id=\"2795\" class=\"elementor elementor-2795\">\n\t\t\t\t\t\t<section class=\"elementor-section elementor-top-section elementor-element elementor-element-4691236 elementor-section-boxed elementor-section-height-default elementor-section-height-default\" data-id=\"4691236\" data-element_type=\"section\">\n\t\t\t\t\t\t<div class=\"elementor-container elementor-column-gap-default\">\n\t\t\t\t\t<div class=\"elementor-column elementor-col-100 elementor-top-column elementor-element elementor-element-c255386\" data-id=\"c255386\" data-element_type=\"column\">\n\t\t\t<div class=\"elementor-widget-wrap elementor-element-populated\">\n\t\t\t\t\t\t<div class=\"elementor-element elementor-element-50c2073 elementor-widget elementor-widget-heading\" data-id=\"50c2073\" data-element_type=\"widget\" data-widget_type=\"heading.default\">\n\t\t\t\t<div class=\"elementor-widget-container\">\n\t\t\t<style>\/*! elementor - v3.20.0 - 20-03-2024 *\/\n.elementor-heading-title{padding:0;margin:0;line-height:1}.elementor-widget-heading .elementor-heading-title[class*=elementor-size-]>a{color:inherit;font-size:inherit;line-height:inherit}.elementor-widget-heading .elementor-heading-title.elementor-size-small{font-size:15px}.elementor-widget-heading .elementor-heading-title.elementor-size-medium{font-size:19px}.elementor-widget-heading .elementor-heading-title.elementor-size-large{font-size:29px}.elementor-widget-heading .elementor-heading-title.elementor-size-xl{font-size:39px}.elementor-widget-heading .elementor-heading-title.elementor-size-xxl{font-size:59px}<\/style><h2 class=\"elementor-heading-title elementor-size-default\">\nRegulations for the sale of e-books<\/h2>\t\t<\/div>\n\t\t\t\t<\/div>\n\t\t\t\t\t<\/div>\n\t\t<\/div>\n\t\t\t\t\t<\/div>\n\t\t<\/section>\n\t\t\t\t<section class=\"elementor-section elementor-top-section elementor-element elementor-element-752cedb elementor-section-boxed elementor-section-height-default elementor-section-height-default\" data-id=\"752cedb\" data-element_type=\"section\">\n\t\t\t\t\t\t<div class=\"elementor-container elementor-column-gap-default\">\n\t\t\t\t\t<div class=\"elementor-column elementor-col-100 elementor-top-column elementor-element elementor-element-14dd43b\" data-id=\"14dd43b\" data-element_type=\"column\">\n\t\t\t<div class=\"elementor-widget-wrap elementor-element-populated\">\n\t\t\t\t\t\t<div class=\"elementor-element elementor-element-72a10e8 elementor-widget__width-initial elementor-widget elementor-widget-text-editor\" data-id=\"72a10e8\" data-element_type=\"widget\" data-widget_type=\"text-editor.default\">\n\t\t\t\t<div class=\"elementor-widget-container\">\n\t\t\t<style>\/*! elementor - v3.20.0 - 20-03-2024 *\/\n.elementor-widget-text-editor.elementor-drop-cap-view-stacked .elementor-drop-cap{background-color:#69727d;color:#fff}.elementor-widget-text-editor.elementor-drop-cap-view-framed .elementor-drop-cap{color:#69727d;border:3px solid;background-color:transparent}.elementor-widget-text-editor:not(.elementor-drop-cap-view-default) .elementor-drop-cap{margin-top:8px}.elementor-widget-text-editor:not(.elementor-drop-cap-view-default) .elementor-drop-cap-letter{width:1em;height:1em}.elementor-widget-text-editor .elementor-drop-cap{float:left;text-align:center;line-height:1;font-size:50px}.elementor-widget-text-editor .elementor-drop-cap-letter{display:inline-block}<\/style>\t\t\t\t<p>\u00a0<\/p><ol><li><strong>Definicje <\/strong><\/li><\/ol><ul><li>\u201eebook\u201d: cyfrowa ksi\u0105\u017cka elektroniczna, kt\u00f3ra jest sprzedawana w formie pliku elektronicznego.<\/li><li>\u201eklient\u201d: osoba fizyczna lub prawna, kt\u00f3ra nabywa ebook poprzez platform\u0119 sprzeda\u017cy internetowej.<\/li><li>\u201esprzedawca\u201d: osoba fizyczna lub prawna, kt\u00f3ra oferuje ebook do sprzeda\u017cy.<\/li><li>\u201eplatforma sprzeda\u017cy internetowej\u201d: strona internetowa lub aplikacja mobilna umo\u017cliwiaj\u0105ca sprzeda\u017c ebook\u00f3w.<\/li><\/ul><p><strong>2. Warunki sprzeda\u017cy <\/strong><\/p><ul><li>Sprzedawca zobowi\u0105zuje si\u0119 do dostarczenia klientowi ebooka w formie elektronicznej w ci\u0105gu 24 godzin od zaksi\u0119gowania p\u0142atno\u015bci.<\/li><li>Klient zobowi\u0105zuje si\u0119 do zap\u0142aty ustalonej ceny za ebook oraz do korzystania z niego wy\u0142\u0105cznie w celach osobistych. Rozpowszechnianie, kopiowanie lub udost\u0119pnianie ebooka osobom trzecim jest zabronione.<\/li><li>Ebook jest chroniony prawami autorskimi i mo\u017ce by\u0107 wykorzystywany wy\u0142\u0105cznie zgodnie z przepisami prawa autorskiego.<\/li><\/ul><p><strong>3. P\u0142atno\u015bci<\/strong><\/p><ul><li>Cena ebooka jest ustalana przez sprzedawc\u0119 i podana na platformie sprzeda\u017cy internetowej.<\/li><li>Klient mo\u017ce dokona\u0107 p\u0142atno\u015bci za ebook poprzez r\u00f3\u017cne metody p\u0142atno\u015bci udost\u0119pnione na platformie sprzeda\u017cy internetowej.<\/li><\/ul><p><strong>4. Zwroty i reklamacje<\/strong><\/p><ul><li>Ze wzgl\u0119du na charakter cyfrowy ebooka, zwroty s\u0105 niedopuszczalne po dokonaniu transakcji, chyba \u017ce istniej\u0105 przepisy prawa narzucaj\u0105ce inny obowi\u0105zek.<\/li><li>W przypadku wyst\u0105pienia problem\u00f3w z dost\u0119pem do zakupionego ebooka, klient mo\u017ce zg\u0142osi\u0107 reklamacj\u0119 drog\u0105 elektroniczn\u0105 na podany przez sprzedawc\u0119 adres email.<\/li><\/ul><p><strong>5. Odpowiedzialno\u015b\u0107<\/strong><\/p><ul><li>Sprzedawca nie ponosi odpowiedzialno\u015bci za szkody wynik\u0142e z niew\u0142a\u015bciwego korzystania przez klienta z ebooka.<\/li><li>Sprzedawca nie ponosi r\u00f3wnie\u017c odpowiedzialno\u015bci za wszelkie problemy techniczne zwi\u0105zane z dost\u0119pem do ebooka spowodowane dzia\u0142aniem lub zaniechaniem klienta lub os\u00f3b trzecich.<\/li><\/ul><p><strong>6. Postanowienia ko\u0144cowe<\/strong><\/p><ul><li>Niniejszy regulamin stanowi integraln\u0105 cz\u0119\u015b\u0107 umowy sprzeda\u017cy ebooka mi\u0119dzy klientem a sprzedawc\u0105.<\/li><li>Sprzedawca zastrzega sobie prawo do zmiany regulaminu. Zmiany wchodz\u0105 w \u017cycie z chwil\u0105 opublikowania ich na platformie sprzeda\u017cy internetowej.<\/li><\/ul><p>Podpisane elektronicznie przez klienta zam\u00f3wienie ebooka stanowi akceptacj\u0119 warunk\u00f3w okre\u015blonych w niniejszym regulaminie.<\/p>\t\t\t\t\t\t<\/div>\n\t\t\t\t<\/div>\n\t\t\t\t\t<\/div>\n\t\t<\/div>\n\t\t\t\t\t<\/div>\n\t\t<\/section>\n\t\t\t\t<\/div>","protected":false},"excerpt":{"rendered":"<p>Regulations for the sale of e-books \u00a0 Definitions &#8220;ebook&#8221;: a digital electronic book that is sold as an electronic file. &#8220;customer&#8221;: a natural or legal person who purchases an e-book through an online sales platform. &#8220;seller&#8221;: a natural or legal person who offers an e-book for sale. &#8220;online sales platform&#8221;: a website or mobile application [&hellip;]<\/p>","protected":false},"author":1,"featured_media":0,"parent":0,"menu_order":0,"comment_status":"closed","ping_status":"closed","template":"","meta":{"footnotes":""},"class_list":["post-2795","page","type-page","status-publish","hentry"],"blocksy_meta":[],"yoast_head":"<!-- This site is optimized with the Yoast SEO plugin v22.3 - https:\/\/yoast.com\/wordpress\/plugins\/seo\/ -->\n<title>Regulations for the sale of e-books - Transformational Life Coaching &amp; Therapy<\/title>\n<meta name=\"description\" content=\"Regulations for the sale of e-books\" \/>\n<meta name=\"robots\" content=\"index, follow, max-snippet:-1, max-image-preview:large, max-video-preview:-1\" \/>\n<link rel=\"canonical\" href=\"https:\/\/mkjinnercoaching.com\/pl\/regulations-for-the-sale-of-e-books\/\" \/>\n<meta property=\"og:locale\" content=\"pl_PL\" \/>\n<meta property=\"og:type\" content=\"article\" \/>\n<meta property=\"og:title\" content=\"Regulations for the sale of e-books - Transformational Life Coaching &amp; Therapy\" \/>\n<meta property=\"og:description\" content=\"Regulations for the sale of e-books\" \/>\n<meta property=\"og:url\" content=\"https:\/\/mkjinnercoaching.com\/pl\/regulations-for-the-sale-of-e-books\/\" \/>\n<meta property=\"og:site_name\" content=\"Transformational Life Coaching &amp; Therapy\" \/>\n<meta property=\"article:modified_time\" content=\"2024-07-27T21:07:42+00:00\" \/>\n<meta name=\"twitter:card\" content=\"summary_large_image\" \/>\n<meta name=\"twitter:label1\" content=\"Szacowany czas czytania\" \/>\n\t<meta name=\"twitter:data1\" content=\"2 minuty\" \/>\n<script type=\"application\/ld+json\" class=\"yoast-schema-graph\">{\"@context\":\"https:\/\/schema.org\",\"@graph\":[{\"@type\":\"WebPage\",\"@id\":\"https:\/\/mkjinnercoaching.com\/regulations-for-the-sale-of-e-books\/\",\"url\":\"https:\/\/mkjinnercoaching.com\/regulations-for-the-sale-of-e-books\/\",\"name\":\"Regulations for the sale of e-books - Transformational Life Coaching &amp; Therapy\",\"isPartOf\":{\"@id\":\"https:\/\/mkjinnercoaching.com\/#website\"},\"datePublished\":\"2024-04-20T10:44:07+00:00\",\"dateModified\":\"2024-07-27T21:07:42+00:00\",\"description\":\"Regulations for the sale of e-books\",\"breadcrumb\":{\"@id\":\"https:\/\/mkjinnercoaching.com\/regulations-for-the-sale-of-e-books\/#breadcrumb\"},\"inLanguage\":\"pl-PL\",\"potentialAction\":[{\"@type\":\"ReadAction\",\"target\":[\"https:\/\/mkjinnercoaching.com\/regulations-for-the-sale-of-e-books\/\"]}]},{\"@type\":\"BreadcrumbList\",\"@id\":\"https:\/\/mkjinnercoaching.com\/regulations-for-the-sale-of-e-books\/#breadcrumb\",\"itemListElement\":[{\"@type\":\"ListItem\",\"position\":1,\"name\":\"Home\",\"item\":\"https:\/\/mkjinnercoaching.com\/\"},{\"@type\":\"ListItem\",\"position\":2,\"name\":\"Regulations for the sale of e-books\"}]},{\"@type\":\"WebSite\",\"@id\":\"https:\/\/mkjinnercoaching.com\/#website\",\"url\":\"https:\/\/mkjinnercoaching.com\/\",\"name\":\"Transformational Life Coaching &amp; Therapy\",\"description\":\"Life coach | Energy Healer | Hypnotherapist | Coaching courses\",\"publisher\":{\"@id\":\"https:\/\/mkjinnercoaching.com\/#organization\"},\"potentialAction\":[{\"@type\":\"SearchAction\",\"target\":{\"@type\":\"EntryPoint\",\"urlTemplate\":\"https:\/\/mkjinnercoaching.com\/?s={search_term_string}\"},\"query-input\":\"required name=search_term_string\"}],\"inLanguage\":\"pl-PL\"},{\"@type\":\"Organization\",\"@id\":\"https:\/\/mkjinnercoaching.com\/#organization\",\"name\":\"Transformational Life Coaching &amp; Therapy\",\"url\":\"https:\/\/mkjinnercoaching.com\/\",\"logo\":{\"@type\":\"ImageObject\",\"inLanguage\":\"pl-PL\",\"@id\":\"https:\/\/mkjinnercoaching.com\/#\/schema\/logo\/image\/\",\"url\":\"https:\/\/mkjinnercoaching.com\/wp-content\/uploads\/2022\/08\/1-1.png\",\"contentUrl\":\"https:\/\/mkjinnercoaching.com\/wp-content\/uploads\/2022\/08\/1-1.png\",\"width\":460,\"height\":90,\"caption\":\"Transformational Life Coaching &amp; Therapy\"},\"image\":{\"@id\":\"https:\/\/mkjinnercoaching.com\/#\/schema\/logo\/image\/\"}}]}<\/script>\n<!-- \/ Yoast SEO plugin. -->","yoast_head_json":{"title":"Regulations for the sale of e-books - Transformational Life Coaching &amp; Therapy","description":"Regulations for the sale of e-books","robots":{"index":"index","follow":"follow","max-snippet":"max-snippet:-1","max-image-preview":"max-image-preview:large","max-video-preview":"max-video-preview:-1"},"canonical":"https:\/\/mkjinnercoaching.com\/pl\/regulations-for-the-sale-of-e-books\/","og_locale":"pl_PL","og_type":"article","og_title":"Regulations for the sale of e-books - Transformational Life Coaching &amp; Therapy","og_description":"Regulations for the sale of e-books","og_url":"https:\/\/mkjinnercoaching.com\/pl\/regulations-for-the-sale-of-e-books\/","og_site_name":"Transformational Life Coaching &amp; Therapy","article_modified_time":"2024-07-27T21:07:42+00:00","twitter_card":"summary_large_image","twitter_misc":{"Szacowany czas czytania":"2 minuty"},"schema":{"@context":"https:\/\/schema.org","@graph":[{"@type":"WebPage","@id":"https:\/\/mkjinnercoaching.com\/regulations-for-the-sale-of-e-books\/","url":"https:\/\/mkjinnercoaching.com\/regulations-for-the-sale-of-e-books\/","name":"Regulations for the sale of e-books - Transformational Life Coaching &amp; Therapy","isPartOf":{"@id":"https:\/\/mkjinnercoaching.com\/#website"},"datePublished":"2024-04-20T10:44:07+00:00","dateModified":"2024-07-27T21:07:42+00:00","description":"Regulations for the sale of e-books","breadcrumb":{"@id":"https:\/\/mkjinnercoaching.com\/regulations-for-the-sale-of-e-books\/#breadcrumb"},"inLanguage":"pl-PL","potentialAction":[{"@type":"ReadAction","target":["https:\/\/mkjinnercoaching.com\/regulations-for-the-sale-of-e-books\/"]}]},{"@type":"BreadcrumbList","@id":"https:\/\/mkjinnercoaching.com\/regulations-for-the-sale-of-e-books\/#breadcrumb","itemListElement":[{"@type":"ListItem","position":1,"name":"Home","item":"https:\/\/mkjinnercoaching.com\/"},{"@type":"ListItem","position":2,"name":"Regulations for the sale of e-books"}]},{"@type":"WebSite","@id":"https:\/\/mkjinnercoaching.com\/#website","url":"https:\/\/mkjinnercoaching.com\/","name":"Transformational Life Coaching &amp; Therapy","description":"Life coach | Energy Healer | Hypnotherapist | Coaching courses","publisher":{"@id":"https:\/\/mkjinnercoaching.com\/#organization"},"potentialAction":[{"@type":"SearchAction","target":{"@type":"EntryPoint","urlTemplate":"https:\/\/mkjinnercoaching.com\/?s={search_term_string}"},"query-input":"required name=search_term_string"}],"inLanguage":"pl-PL"},{"@type":"Organization","@id":"https:\/\/mkjinnercoaching.com\/#organization","name":"Transformational Life Coaching &amp; Therapy","url":"https:\/\/mkjinnercoaching.com\/","logo":{"@type":"ImageObject","inLanguage":"pl-PL","@id":"https:\/\/mkjinnercoaching.com\/#\/schema\/logo\/image\/","url":"https:\/\/mkjinnercoaching.com\/wp-content\/uploads\/2022\/08\/1-1.png","contentUrl":"https:\/\/mkjinnercoaching.com\/wp-content\/uploads\/2022\/08\/1-1.png","width":460,"height":90,"caption":"Transformational Life Coaching &amp; Therapy"},"image":{"@id":"https:\/\/mkjinnercoaching.com\/#\/schema\/logo\/image\/"}}]}},"_links":{"self":[{"href":"https:\/\/mkjinnercoaching.com\/pl\/wp-json\/wp\/v2\/pages\/2795","targetHints":{"allow":["GET"]}}],"collection":[{"href":"https:\/\/mkjinnercoaching.com\/pl\/wp-json\/wp\/v2\/pages"}],"about":[{"href":"https:\/\/mkjinnercoaching.com\/pl\/wp-json\/wp\/v2\/types\/page"}],"author":[{"embeddable":true,"href":"https:\/\/mkjinnercoaching.com\/pl\/wp-json\/wp\/v2\/users\/1"}],"replies":[{"embeddable":true,"href":"https:\/\/mkjinnercoaching.com\/pl\/wp-json\/wp\/v2\/comments?post=2795"}],"version-history":[{"count":7,"href":"https:\/\/mkjinnercoaching.com\/pl\/wp-json\/wp\/v2\/pages\/2795\/revisions"}],"predecessor-version":[{"id":2803,"href":"https:\/\/mkjinnercoaching.com\/pl\/wp-json\/wp\/v2\/pages\/2795\/revisions\/2803"}],"wp:attachment":[{"href":"https:\/\/mkjinnercoaching.com\/pl\/wp-json\/wp\/v2\/media?parent=2795"}],"curies":[{"name":"wp","href":"https:\/\/api.w.org\/{rel}","templated":true}]}}